{"id":91,"date":"2015-11-24T07:46:55","date_gmt":"2015-11-24T07:46:55","guid":{"rendered":"http:\/\/www.rushwa.de\/?page_id=91"},"modified":"2022-09-12T09:18:02","modified_gmt":"2022-09-12T09:18:02","slug":"20-2","status":"publish","type":"page","link":"https:\/\/www.rushwa.de\/?page_id=91","title":{"rendered":"Zentralbahn + Central line SGR"},"content":{"rendered":"<p>Die deutschen Kolonialherren nannten sie Mittellandlinie, unter britischer Herrschaft taufte man sie Central Line.<br \/>\nIn j\u00fcngerer Zeit gab es mehrere Pl\u00e4ne zum Bahnbau von der K\u00fcste ins Innere des Kontinents.<\/p>\n","protected":false},"excerpt":{"rendered":"<p>Die deutschen Kolonialherren nannten sie Mittellandlinie, unter britischer Herrschaft taufte man sie Central Line. In j\u00fcngerer Zeit gab es mehrere Pl\u00e4ne zum Bahnbau von der K\u00fcste ins Innere des Kontinents.<\/p>\n","protected":false},"author":1,"featured_media":0,"parent":0,"menu_order":30,"comment_status":"closed","ping_status":"closed","template":"","meta":{"footnotes":""},"class_list":["post-91","page","type-page","status-publish","hentry"],"_links":{"self":[{"href":"https:\/\/www.rushwa.de\/index.php?rest_route=\/wp\/v2\/pages\/91","targetHints":{"allow":["GET"]}}],"collection":[{"href":"https:\/\/www.rushwa.de\/index.php?rest_route=\/wp\/v2\/pages"}],"about":[{"href":"https:\/\/www.rushwa.de\/index.php?rest_route=\/wp\/v2\/types\/page"}],"author":[{"embeddable":true,"href":"https:\/\/www.rushwa.de\/index.php?rest_route=\/wp\/v2\/users\/1"}],"replies":[{"embeddable":true,"href":"https:\/\/www.rushwa.de\/index.php?rest_route=%2Fwp%2Fv2%2Fcomments&post=91"}],"version-history":[{"count":10,"href":"https:\/\/www.rushwa.de\/index.php?rest_route=\/wp\/v2\/pages\/91\/revisions"}],"predecessor-version":[{"id":2614,"href":"https:\/\/www.rushwa.de\/index.php?rest_route=\/wp\/v2\/pages\/91\/revisions\/2614"}],"wp:attachment":[{"href":"https:\/\/www.rushwa.de\/index.php?rest_route=%2Fwp%2Fv2%2Fmedia&parent=91"}],"curies":[{"name":"wp","href":"https:\/\/api.w.org\/{rel}","templated":true}]}}