{"id":64,"date":"2015-11-18T16:09:39","date_gmt":"2015-11-18T16:09:39","guid":{"rendered":"http:\/\/www.rushwa.de\/?page_id=64"},"modified":"2020-01-16T07:46:22","modified_gmt":"2020-01-16T07:46:22","slug":"11-2","status":"publish","type":"page","link":"https:\/\/www.rushwa.de\/?page_id=64","title":{"rendered":"Korruptionsf\u00e4lle in Deutschland"},"content":{"rendered":"<h3><strong>2014-06-07. Der Spiegel berichtet.\u00a0Deutsche Bahn in Katar. Auftrag von 17 Milliarden<\/strong><\/h3>\n<p>Wulff pflegte schon seit seiner Zeit als nieders\u00e4chsischer Ministerpr\u00e4sident gute Verbindungen in den W\u00fcstenstaat, der \u00fcber eine Holding Anteile am VW-Konzern erwarb und in den Aufsichtsrat einzog. Sp\u00e4ter, als Wulff deutsches Staatsoberhaupt war, trafen er und der Emir sich bei gegenseitigen Visiten. Ein Jahr vor der Abstimmung in Z\u00fcrich erhielt die Deutsche Bahn aus Katar den Auftrag, dort ein Schienennetz zu errichten \u2013 f\u00fcr 17 Milliarden Euro. Bahnchef R\u00fcdiger Grube lie\u00df sich im aufwendigen WM-Bewerbungsfilm gar beim Daumendr\u00fccken filmen: \u201eI\u2019ll keep my fingers crossed for Qatar.\u201c<\/p>\n<p><em>Internetquelle: Der Spiegel 24\/2014, Seite 109<\/em><\/p>\n<hr \/>\n<h3><strong>2013-06-18. Deutsche Bahn sagt Griechenland ade<\/strong><\/h3>\n<p>Es ist eine Schmiergeld-Aff\u00e4re, die die Frankfurter Staatsanwaltschaft aufgedeckt hat. Allein in Griechenland soll die Bahn-Tochter DB International 315.000 Euro &#8222;abgezweigt&#8220; haben, um Auftraggeber zu bestechen. Auch in anderen L\u00e4ndern wurde so verfahren. Nun startet die Bahn einen Neuanfang und zieht sich aus korruptionsanf\u00e4lligen Staaten zur\u00fcck.<\/p>\n<p><a href=\"http:\/\/www.sueddeutsche.de\/wirtschaft\/korruption-im-ausland-deutsche-bahn-sagt-griechenland-ade-1.1699072\">http:\/\/www.sueddeutsche.de\/wirtschaft\/korruption-im-ausland-deutsche-bahn-sagt-griechenland-ade-1.1699072<\/a><\/p>\n<p><em>(eingesehen 2015-11-12)<\/em><\/p>\n<hr \/>\n<h3><strong>2010-07-08. Deutsche Bahn entl\u00e4sst zehn Manager wegen Korruption NZZ<br \/>\n<\/strong><\/h3>\n<p>Um an Bahn-Projekte in Griechenland, Rwanda, Algerien, Tansania und Libyen zu kommen, haben Mitarbeiter der deutschen Bahn hohe Bestechungsgelder bezahlt. Die Entdeckung hat nun zehn Managern die Stelle gekostet.<\/p>\n<p>Die Deutsche Bahn hat mehrere Manager wegen Korruption entlassen. Sie sollen f\u00fcr lukrative Ausland-Auftr\u00e4ge Schmiergelder in Millionenh\u00f6he gezahlt haben. \u00abDer Verdacht der unregelm\u00e4ssigen Zahlungen hat sich nun erh\u00e4rtet, so dass wir erste harte Konsequenzen gezogen haben\u00bb, sagte ein Bahn-Sprecher und best\u00e4tigte damit einen Bericht der \u00abBerliner Zeitung\u00bb. Neben den K\u00fcndigungen bei der Konzerntochter DB International seien auch Vertr\u00e4ge mit mehreren Beratern und freien Mitarbeitern beendet worden. Das Volumen der vermutlich fragw\u00fcrdigen Zahlungen liege im \u00abmittleren einstelligen Millionenbereich\u00bb.<\/p>\n<p>Die Zahlungen seien seit 2005 f\u00fcr mehrere Bahn-Projekte in Griechenland, Rwanda, Algerien, <strong>Tansania<\/strong> und Libyen geflossen. Bei den Verd\u00e4chtigen soll es sich um zehn Mitarbeiter aus dem mittleren Management handeln, darunter Projektleiter und Leiter der Buchhaltung.<\/p>\n<p><a href=\"http:\/\/www.nzz.ch\/deutsche-bahn-entlaesst-zehn-manager-wegen-korruption-1.6486772\">http:\/\/www.nzz.ch\/deutsche-bahn-entlaesst-zehn-manager-wegen-korruption-1.6486772<\/a><\/p>\n<p><em>(eingesehen 2015-11-12)<\/em><\/p>\n<hr \/>\n<h3><strong>2010-04-26. Korruptionsvorw\u00fcrfe bei DB International<\/strong><\/h3>\n<p>Korruptionsskandal bei Bahntochter DB International GmbH: Millionen flossen ins Ausland, die Staatsanwaltschaft hat bereits mehrere Mitarbeiter im Visier.<\/p>\n<p>Die Staatsanwaltschaft Frankfurt arbeitet mit Hochdruck an den Ermittlungen im neuen Korruptionsfall der Bahn. Im Fokus st\u00fcnden zehn Mitarbeiter der Tochtergesellschaft DB International GmbH (DBI), sagte eine Sprecherin der Staatsanwaltschaft Frankfurt am Montag zur SZ. Sie st\u00fcnden im Verdacht, mehrfach Schmiergelder an verschiedene Entscheidungstr\u00e4ger im Ausland gezahlt zu haben, um Auftr\u00e4ge f\u00fcr die Bahn-Tochter zu ergattern.<\/p>\n<p><a href=\"http:\/\/www.sueddeutsche.de\/wirtschaft\/bahn-korruptionsvorwuerfe-mitarbeiter-unter-verdacht-1.937786\">http:\/\/www.sueddeutsche.de\/wirtschaft\/bahn-korruptionsvorwuerfe-mitarbeiter-unter-verdacht-1.937786<\/a><\/p>\n<p><em>(eingesehen 18.11.2015)<\/em><\/p>\n<hr \/>\n","protected":false},"excerpt":{"rendered":"<p>2014-06-07. Der Spiegel berichtet.\u00a0Deutsche Bahn in Katar. Auftrag von 17 Milliarden Wulff pflegte schon seit seiner Zeit als nieders\u00e4chsischer Ministerpr\u00e4sident gute Verbindungen in den W\u00fcstenstaat, der \u00fcber eine Holding Anteile am VW-Konzern erwarb und in den Aufsichtsrat einzog. Sp\u00e4ter, als Wulff deutsches Staatsoberhaupt war, trafen er und der Emir sich bei gegenseitigen Visiten. Ein Jahr &hellip; <a href=\"https:\/\/www.rushwa.de\/?page_id=64\" class=\"more-link\"><span class=\"screen-reader-text\">Korruptionsf\u00e4lle in Deutschland<\/span> weiterlesen <span class=\"meta-nav\">&rarr;<\/span><\/a><\/p>\n","protected":false},"author":1,"featured_media":0,"parent":4,"menu_order":11,"comment_status":"closed","ping_status":"closed","template":"","meta":{"footnotes":""},"class_list":["post-64","page","type-page","status-publish","hentry"],"_links":{"self":[{"href":"https:\/\/www.rushwa.de\/index.php?rest_route=\/wp\/v2\/pages\/64","targetHints":{"allow":["GET"]}}],"collection":[{"href":"https:\/\/www.rushwa.de\/index.php?rest_route=\/wp\/v2\/pages"}],"about":[{"href":"https:\/\/www.rushwa.de\/index.php?rest_route=\/wp\/v2\/types\/page"}],"author":[{"embeddable":true,"href":"https:\/\/www.rushwa.de\/index.php?rest_route=\/wp\/v2\/users\/1"}],"replies":[{"embeddable":true,"href":"https:\/\/www.rushwa.de\/index.php?rest_route=%2Fwp%2Fv2%2Fcomments&post=64"}],"version-history":[{"count":22,"href":"https:\/\/www.rushwa.de\/index.php?rest_route=\/wp\/v2\/pages\/64\/revisions"}],"predecessor-version":[{"id":1690,"href":"https:\/\/www.rushwa.de\/index.php?rest_route=\/wp\/v2\/pages\/64\/revisions\/1690"}],"up":[{"embeddable":true,"href":"https:\/\/www.rushwa.de\/index.php?rest_route=\/wp\/v2\/pages\/4"}],"wp:attachment":[{"href":"https:\/\/www.rushwa.de\/index.php?rest_route=%2Fwp%2Fv2%2Fmedia&parent=64"}],"curies":[{"name":"wp","href":"https:\/\/api.w.org\/{rel}","templated":true}]}}