{"id":293,"date":"2015-11-27T14:54:15","date_gmt":"2015-11-27T14:54:15","guid":{"rendered":"http:\/\/www.rushwa.de\/?page_id=293"},"modified":"2020-05-04T09:28:21","modified_gmt":"2020-05-04T09:28:21","slug":"der-autor","status":"publish","type":"page","link":"https:\/\/www.rushwa.de\/?page_id=293","title":{"rendered":"Der Autor"},"content":{"rendered":"<p><img loading=\"lazy\" decoding=\"async\" class=\"size-medium wp-image-1762 alignleft\" src=\"http:\/\/www.rushwa.de\/wp-content\/uploads\/DSC_0512a-Kopie-203x300.jpg\" alt=\"\" width=\"203\" height=\"300\" srcset=\"https:\/\/www.rushwa.de\/wp-content\/uploads\/DSC_0512a-Kopie-203x300.jpg 203w, https:\/\/www.rushwa.de\/wp-content\/uploads\/DSC_0512a-Kopie.jpg 364w\" sizes=\"auto, (max-width: 203px) 100vw, 203px\" \/><\/p>\n<p>Dr. Helmut Zell ist Dipl.-Ing. und promovierter Volkswirt hat Projekte im Ingenieur- sowie im Managementbereich im In- und Ausland geleitet. Das vorliegende Buch beruht ma\u00dfgeblich auf diesen Praxiserfahrungen.<\/p>\n<p>Erster Aufenthalt in Tansania Ende der 70er Jahre als Entwicklungshelfer an einer Sekundarschule am Kilimanjaro, in den 80er Jahren Forschungsaufenthalt in Tansania f\u00fcr eine Dissertation zur industriellen Entwicklung des Landes. Dozent an Hochschulen, Fachhochschulen und Bildungseinrichtungen. Themen: Projektmanagement, Strategic Management (University of Wales, Cardiff), Intercultural Management (IPE Management School, Paris), Corporate Government (IUBH School of Business and Management, Bad Honnef), Senior Expert im von Weltbank und internationalen Donors finanzierten Projekt &#8218;Private Sector Participation&#8216; f\u00fcr das President&#8217;s Office, Public Service Management in Dar es Salaam. Er lebt als freier Autor in Remagen.<\/p>\n<p><u>Ver\u00f6ffentlichungen mit Bezug zum Thema<\/u><\/p>\n<p><a href=\"https:\/\/www.ibim.de\/ZurPerson\/Tansania1.pdf\">Reiselustige tansanische B\u00fcrokraten<\/a>. Beamte d\u00fcrfen sich ganz legal an der Staatskasse bereichern, in: Neue Z\u00fcricher Zeitung, 19. April 2010<\/p>\n<p>Die Trendwende: Mit der Entwicklung ernst machen. In: Afrika-Post, Berlin- G\u00f6ttingen, 01\/2006 , S. 81 &#8211; 82<\/p>\n<p><a href=\"https:\/\/www.nzz.ch\/articleCZN3L-1.167194\">Schwieriger Kampf gegen den Schlendrian in Tansania.<\/a> Pers\u00f6nliche Beziehungen sind wichtiger als formale Verwaltungsvorschriften, in: Neue Z\u00fcricher Zeitung, 1. September 2005<\/p>\n<p>Afrika auf der Datenautobahn. Die globale Informationsgesellschaft und die Entwicklung in Afrika, in: Afrika-Post, 5-6\/98, S. 31-34<\/p>\n<p>Entwicklung und Staat in Schwarzafrika. Die ambivalente Rolle der Entwicklungshilfe, in: Wilfried von Bredow\/Thomas J\u00e4ger (Hrsg.), Demokratie und Entwicklung, Opladen: Leske&amp;Budrech, 1997, S. 141 &#8211; 178<\/p>\n<p>Fundamentalistischer Islam in Tansania, in: Afrika-Post, 10\/93, Bonn, S. 22 &#8211; 23<\/p>\n<p>Einfache oder moderne Technologie f\u00fcr Afrika? Der Fall der tanzanischen Kapitalg\u00fcterindustrie, in: Afrika Spectrum, 28 (1993)2: 209 &#8211; 226, Institut f\u00fcr Afrika-Kunde, Hamburg, S. 209 \u2013 226<\/p>\n","protected":false},"excerpt":{"rendered":"<p>Dr. Helmut Zell ist Dipl.-Ing. und promovierter Volkswirt hat Projekte im Ingenieur- sowie im Managementbereich im In- und Ausland geleitet. Das vorliegende Buch beruht ma\u00dfgeblich auf diesen Praxiserfahrungen. Erster Aufenthalt in Tansania Ende der 70er Jahre als Entwicklungshelfer an einer Sekundarschule am Kilimanjaro, in den 80er Jahren Forschungsaufenthalt in Tansania f\u00fcr eine Dissertation zur industriellen &hellip; <a href=\"https:\/\/www.rushwa.de\/?page_id=293\" class=\"more-link\"><span class=\"screen-reader-text\">Der Autor<\/span> weiterlesen <span class=\"meta-nav\">&rarr;<\/span><\/a><\/p>\n","protected":false},"author":1,"featured_media":0,"parent":0,"menu_order":303,"comment_status":"closed","ping_status":"closed","template":"","meta":{"footnotes":""},"class_list":["post-293","page","type-page","status-publish","hentry"],"_links":{"self":[{"href":"https:\/\/www.rushwa.de\/index.php?rest_route=\/wp\/v2\/pages\/293","targetHints":{"allow":["GET"]}}],"collection":[{"href":"https:\/\/www.rushwa.de\/index.php?rest_route=\/wp\/v2\/pages"}],"about":[{"href":"https:\/\/www.rushwa.de\/index.php?rest_route=\/wp\/v2\/types\/page"}],"author":[{"embeddable":true,"href":"https:\/\/www.rushwa.de\/index.php?rest_route=\/wp\/v2\/users\/1"}],"replies":[{"embeddable":true,"href":"https:\/\/www.rushwa.de\/index.php?rest_route=%2Fwp%2Fv2%2Fcomments&post=293"}],"version-history":[{"count":13,"href":"https:\/\/www.rushwa.de\/index.php?rest_route=\/wp\/v2\/pages\/293\/revisions"}],"predecessor-version":[{"id":2266,"href":"https:\/\/www.rushwa.de\/index.php?rest_route=\/wp\/v2\/pages\/293\/revisions\/2266"}],"wp:attachment":[{"href":"https:\/\/www.rushwa.de\/index.php?rest_route=%2Fwp%2Fv2%2Fmedia&parent=293"}],"curies":[{"name":"wp","href":"https:\/\/api.w.org\/{rel}","templated":true}]}}