{"id":1628,"date":"2016-03-15T16:29:08","date_gmt":"2016-03-15T16:29:08","guid":{"rendered":"http:\/\/www.rushwa.de\/?page_id=1628"},"modified":"2025-09-05T13:23:15","modified_gmt":"2025-09-05T13:23:15","slug":"das-buch-die-zweite","status":"publish","type":"page","link":"https:\/\/www.rushwa.de\/","title":{"rendered":"Rushwa"},"content":{"rendered":"<img loading=\"lazy\" decoding=\"async\" class=\"size-medium wp-image-2674 alignleft\" src=\"https:\/\/www.rushwa.de\/wp-content\/uploads\/Titelbild-Rushwa-197x300.jpg\" alt=\"\" width=\"197\" height=\"300\" srcset=\"https:\/\/www.rushwa.de\/wp-content\/uploads\/Titelbild-Rushwa-197x300.jpg 197w, https:\/\/www.rushwa.de\/wp-content\/uploads\/Titelbild-Rushwa.jpg 497w\" sizes=\"auto, (max-width: 197px) 100vw, 197px\" \/>\r\n\r\nHelmut Zell: Rushwa, Roman, BoD, Norderstedt, 2016,\u00a0ISBN 9783739234236, 362 Seiten, 19,50 \u20ac; E-Book 9,99 \u20ac\r\nDer Flyer zum Buch (eine Seite) mit den wichtigen Angaben steht hier kostenlos zum Download bereit: <a href=\"https:\/\/www.rushwa.de\/wp-content\/uploads\/Flyer-Rushwa.pdf\"><img loading=\"lazy\" decoding=\"async\" src=\"http:\/\/www.rushwa.de\/wp-content\/uploads\/download-grafik.jpg\" alt=\"download-grafik\" width=\"36\" height=\"35\" \/><\/a>\r\n\r\n<hr \/>\r\n\r\nRushwa hei\u00dft Korruption. Aber das wei\u00df der Eisenbahnexperte Paul Mansfeld noch nicht, als er von einer deutschen Consultingfirma \u00fcberraschend einen lukrativen Auftrag in Tansania bekommt. Er soll ein Konzept zur Rehabilitation der Bahnlinie vom Indischen Ozean zum Tanganjikasee erarbeiten. Nach Ankunft in Daressalam wird ihm bald klar, dass bei der Projektvergabe Bestechung im Spiel gewesen ist.\r\n\r\nDas Buch k\u00f6nnen Sie bei Ihrer Buchhandlung oder bei Online-Shops bestellen. Eine Auswahl finden Sie hier:\r\n<table>\r\n<tbody>\r\n<tr>\r\n<td style=\"text-align: center;\" width=\"113\"><a href=\"https:\/\/www.bod.de\/buchshop\/rushwa-helmut-zell-9783739234236\"><strong>BoD<\/strong><\/a><\/td>\r\n<td style=\"text-align: center;\" width=\"113\"><a href=\"https:\/\/www.amazon.de\/Rushwa-Roman-Helmut-Zell-ebook\/dp\/B01BLKWILG\/ref=sr_1_1?__mk_de_DE=%C3%85M%C3%85%C5%BD%C3%95%C3%91&amp;keywords=helmut+zell+rushwa&amp;qid=1569748227&amp;s=gateway&amp;sr=8-1\"><strong>Amazon<\/strong><\/a><\/td>\r\n<td style=\"text-align: center;\" width=\"113\"><a href=\"https:\/\/www.buecher.de\/shop\/china\/rushwa\/zell-helmut\/products_products\/detail\/prod_id\/44514655\/\"><strong>Buecher.de<\/strong><\/a><\/td>\r\n<td style=\"text-align: center;\" width=\"113\"><a href=\"https:\/\/www.thalia.de\/shop\/home\/artikeldetails\/ID44725413.html\"><strong>Thalia<\/strong><\/a><\/td>\r\n<\/tr>\r\n<\/tbody>\r\n<\/table>\r\n\r\n<hr \/>\r\n\r\n<h3><strong>Buchbesprechungen\r\n<\/strong><\/h3>\r\n<strong>WIR<\/strong><strong>T<\/strong><strong>SCHAFTSKRIMI \u00a0ZU <\/strong><strong>TANSA<\/strong><strong>N<\/strong><strong>I<\/strong><strong>A<\/strong>\r\n\r\nUnter dem Titel kann sich kaum jemand etwas vorstellen, es sei denn er kennt die Sprache Kisuaheli. In dieser in ganz Ostafrika weit verbreiteten Sprache hei\u00dft Rushwa Bestechung, und um die geht es in diesem Tatsachenroman. Er spielt im internationalen Milieu und ist hoch aktuell. Dies nicht deshalb, weil Korruption \u00fcberall in aller Munde ist, sondern weil der Autor offensichtlich aus eigener Erfahrung spricht.\u00a0 &#8230; Der Roman ist f\u00fcr alle, die sich im Bereich der internationalen Zusammenarbeit \u00fcber die Fallstricke informieren wollen, eine lesenswerte Handreichung, man k\u00f6nnte schon fast sagen, ein Fach- oder Lehrbuch.\u00a0 &#8230; Der Roman ist sehr empfehlenswert, als Reiselekt\u00fcre oder zur Einf\u00fchrung in das Thema Korruption. Man m\u00f6chte dem Verlag empfehlen, in einem Untertitel den Interessenten einen Hinweise auf das Thema zu geben.\r\n\r\n<a href=\"https:\/\/www.rushwa.de\/wp-content\/uploads\/Besprechung-aus-afrika-sued.jpg\">Rolf Hasse, in: Afrika S\u00fcd, 42, 2\/ 2017<\/a>\r\n\r\n<hr \/>\r\n\r\n<strong>Helmut Zell: Rushwa<\/strong>\r\n\r\n&#8230; Endlich einmal ein Roman, der sich brandaktuell mit der gegenw\u00e4rtigen politischen und wirtschaftlichen Situation in Tansania auseinandersetzt. Der viele brisanten Themen der politischen Debatte in Tansania anspricht: Konzepte zur Entwicklung der Infrastruktur (Eisenbahn- und\/oder Stra\u00dfenbau?), Korruption in Regierung und Parteif\u00fchrung, die Rolle der Opposition und der Medien, die Entwicklungszusammenarbeit, die Rolle Chinas, Allowances (Sitzungsgelder etc., gegen die der Staats\u00adpr\u00e4sident gerade eine Kampagne f\u00fchrt), deutsche Consultings in Tansania u.v.a.m. Alles geschrieben von einem intimen Kenner des Landes und geschickt verflochten mit einer privaten Liebesgeschichte, die sich bei vielen Entwicklungshelfern so oder ganz \u00e4hnlich abgespielt haben mag. Ganz zu schweigen von der exakten Schilderung der Wohn- und Lebensbedingungen von Expats in Daressalam &#8211; bis hin zur Beschreibung von Hotels, Bars und Restaurants. Auch der Alkohol fehlt selbstverst\u00e4ndlich nicht. (Rudolf Blauth, in: Tanzania News 3-2016)\r\n\r\n<hr \/>\r\n\r\n<!-- MetaSlider 1773 not found -->\r\n\r\n<hr \/>\r\n\r\n<strong>&#8222;Rushwa&#8220;<\/strong>\r\n\r\n&#8230; Keine Frage: F\u00fcr den Autor ist Tansania kein fremdes Terrain. Einem ersten Einsatz als Entwicklungshelfer in den 1970er Jahren folgte der Forschungsaufenthalt f\u00fcr seine Dissertation zur industriellen Entwicklung des Landes. Der promovierte Volkswirt und Diplom-Ingenieur arbeitete sp\u00e4ter als Senior Expert in einem von der Weltbank finanzierten Projekt in Daressalam. Seine Romanfiguren dirigiert er daher mit gro\u00dfer Sachkenntnis durch den Gro\u00dfstadtdschungel. Sicher auch aus eigener Erfahrung thematisiert er allt\u00e4gliche sowie politisch gravierende Probleme: chaotischer Stra\u00dfenverkehr, st\u00e4ndiger Stromausfall, Hexenglaube, Zauberei, Albinos, Kolonialismus, B\u00fcrokratie, Vergabepraktiken, Rohstofflieferungen gegen Kredite, Abbaulizenzen und nat\u00fcrlich Bestechung im Kleinen und Gro\u00dfen. Aus den zahlreichen Versatzst\u00fccken komponiert Helmut Zell einen spannenden Wirtschaftskrimi. (Helga Lippert, in: Habari, M\u00e4rz 2017, Tanzania-Network.de e.V., Berlin, S. 45f.)\r\n\r\n<hr \/>\r\n<p data-ac=\"9\"><strong>Helmut Zell. &#8222;Rushwa&#8220;<\/strong><\/p>\r\n<p data-ac=\"9\">Dieser Thriller d\u00fcrfte Expat-Managern vertraut vorkommen. Paul Mansfeld wird f\u00fcr eine deutsche Beratungsfirma nach Tansania geschickt und ger\u00e4t mitten in einen Korruptionssumpf. Sein Versuch, sauber zu bleiben und die Sache aufzudecken, bringt Probleme. F\u00fcr VW-Manager nicht unbedingt zum Abschalten geeignet. (Martin Kaelble, 10. August 2016). (www.capital.de\/wirtschaft-politik\/die-besten-business-thriller-fuer-den-urlaub)<\/p>\r\n\r\n\r\n<hr \/>\r\n\r\n<a href=\"https:\/\/www.rushwa.de\/wp-content\/uploads\/Besprech-Rhein-Zeitung-2016-06-03.pdf\">Rhein Zeitung, 3.6.2016 <\/a><a href=\"https:\/\/www.rushwa.de\/wp-content\/uploads\/Besprech-Rhein-Zeitung-2016-06-03-scaled.jpg\"><img loading=\"lazy\" decoding=\"async\" class=\"alignnone\" src=\"https:\/\/www.rushwa.de\/wp-content\/uploads\/Titel-Rhein-Zeitung-1024x239.jpg\" alt=\"\" width=\"604\" height=\"141\" \/><\/a>\r\n\r\n<hr \/>\r\n\r\n<h2><strong>Rezensionen bei Amazon<\/strong><\/h2>\r\n<strong>\u00a0<\/strong><strong>Moeletsi. <\/strong><strong>5,0 von 5 Sternen Sehr empfehlenswert. <\/strong><strong>Rezension aus Deutschland vom 3. Juli 2017. <\/strong><strong>Verifizierter Kauf<\/strong>\r\n\r\nEin \u00e4u\u00dferst interessanter Roman mit tiefen Einblicken in das internationale Projektgesch\u00e4ft in Afrika. Gleichzeitig erf\u00e4hrt der Leser viel \u00fcber die Kolonial- und Eisenbahngeschichte Tansanias. Der Roman dreht sich um das Grund\u00fcbel in Tansania- wie in anderen afrikanischen L\u00e4ndern- die grassierende Korruption und ein Mangel an Verantwortungsgef\u00fchl einiger Politiker.\r\nDer Autor schrieb eine schl\u00fcssige Geschichte, spannend und lebendig. Der Alltag in Tansania wird hervorragend beschrieben. Viele der Beobachtungen, die so nebenher eingestreut werden, kenne ich auch aus West-und Zentralafrika. (z.B. die Unsitte der &#8222;sitting allowances&#8220;, korrupte Verhaltensweisen, Minister werden von Polizeifahrzeugen begleitet, die normale Autos abdr\u00e4ngen, Sicherheitsfirmen sind die gr\u00f6\u00dften Arbeitgeber mit den meisten Besch\u00e4ftigten, der Glaube an Magie, Getr\u00e4nkeflaschen werden \u00fcberall erst am Tisch ge\u00f6ffnet).\r\nFazit: Das Buch ist faktenreich und trotzdem sehr fl\u00fcssig und unterhaltsam geschrieben. Man sp\u00fcrt beinahe auf jeder Seite, dass Helmut Zell gro\u00dfe Sympathie f\u00fcr Tansania und seine Bewohner hat.\r\n\r\n<hr \/>\r\n\r\n<strong>Johann Bruehl. <\/strong><strong>5,0 von 5 Sternen. Eine Geschichte aus dem ehemaligen Deutsch-Ostafrika. <\/strong><strong>Rezension aus Deutschland vom 19. M\u00e4rz 2016. <\/strong><strong>Verifizierter Kauf<\/strong>\r\n\r\n&#8230; Nun bin ich auf dieses Buch gesto\u00dfen und war neugierig, weil ich selbst in Tansania gewesen bin. Und ja, man sp\u00fcrt, dass er das Land liebt und lange dort gearbeitet hat. Seine Kenntnisse der Zust\u00e4nde dieses Landes sind beeindruckend. Er hat die Fakten zu Eisenbahn, Consulting, Korruption und chinesische Aktivit\u00e4ten gr\u00fcndlich recherchiert und in eine \u00e4u\u00dferst spannende Story gegossen. Hier erlebt man, wie es im heutigen Tansania zugeht.\r\nDas Buch ist in einer ruhigen Sprache erz\u00e4hlt, die aber atemlos werden kann, wenn die Spannung sich zuspitzt. Die Darstellung der Charaktere ist zur\u00fcckhaltend, sparsam und menschlich, und die wunderbare Liebesgeschichte darin ist zart, einf\u00fchlsam und menschlich, zugleich sehr real und ohne die derben Szenen, die man h\u00e4ufig in rei\u00dferischen Romanen findet.\r\nIch habe das Buch sehr gern gelesen, es ist ohne Pathos, leise und wahrhaftig und gleichzeitig so spannend, dass man es nicht aus der Hand legen m\u00f6chte. Und wer dabei etwas \u00fcber das Land lernen m\u00f6chte, hat hier die beste Gelegenheit.\r\n\r\n<hr \/>\r\n\r\n<strong>Amazon Kunde. <\/strong><strong>4,0 von 5 Sternen Korruption, \u201eRushwa\u201c in Tanzania. <\/strong><strong>Rezension aus Deutschland vom 5. April 2016. <\/strong><strong>Verifizierter Kauf<\/strong>\r\n\r\n&#8230; Das Buch ist von Beginn bis zum Schluss spannend \u2013 und dazu auch noch lehrreich. Die Hauptfigur, Paul Manfeld, ist ein international t\u00e4tiger Eisenbahnexperte und \u00fcbernimmt den Auftrag, einen Plan f\u00fcr die Reparatur der wichtigen Eisenbahnlinie vom Indischen Ozean zum Tanganjika-See zu erarbeiten. Doch schon bald merkt er, dass bei der Auftragsvergabe nicht alles mit rechten Dingen zuging. Der Plot ist komplex, aber stimmig. Angeblich ist das Ganze rein fiktiv, aber die Vorg\u00e4nge werden so detailliert geschildert, dass man sich fragt, was der Autor wirklich erlebt und was er sich ausgedacht hat. Auf jeden Fall schreibt hier jemand, der tiefe Einblicke in das internationale Projektgesch\u00e4ft in Afrika hat.\r\nF\u00fcr Leute, die in Tansania arbeiten oder arbeiten wollen, ist das unterhaltsam geschriebene Buch unbedingt zu empfehlen. Interessant ist die Lekt\u00fcre mit Sicherheit auch f\u00fcr Touristen, die in das Land reisen und sich neben den Tierparks auch f\u00fcr die Geschichte und die Probleme des Landes interessieren. &#8230;\r\n\r\n<hr \/>\r\n\r\n<strong>Jamii\u00a0 <\/strong><strong>5,0 von 5 Sternen African Business. <\/strong><strong>Rezension aus Deutschland vom 23. Februar 2016<\/strong>\r\n\r\nBuch auf &#8211; und weg. So soll ein Buch sein, aufschlagen und abfliegen.\r\nSchon nach wenigen Seiten steht man mitten in Afrika und verschwindet im Strudel der Ereignisse dieses packenden Wirtschaftskrimis.\r\nDabei spielt die Geschichte so geschickt mit den Wirklichkeiten dass man schon nach wenigen Seiten nicht mehr wei\u00df ob man sich nun in der Realit\u00e4t oder in der Fiktion befindet &#8211; diese faszinierende Ambivalenz zieht sich bis zum Ende durch &#8211; und dar\u00fcber hinaus.\u00a0 &#8230; auch unabh\u00e4ngig von den haarstr\u00e4ubenden Surrealit\u00e4ten afrikanischer Wirtschaft macht das Buch einfach Spa\u00df und liest sich quasi von selbst.\u00a0 &#8230; Wer ein St\u00fcck echtes Afrika erleben will, ist mit diesem Buch bestens beraten.\r\n\r\n<hr \/>\r\n\r\n<h2>Zusammenfassung<\/h2>\r\nDer Roman &#8222;Rushwa&#8220;, was auf Swahili <strong>Korruption<\/strong> bedeutet, spielt in Tansania und basiert auf den Erfahrungen des Autors in Afrika, ist aber eine fiktive Geschichte.\r\n<ul>\r\n \t<li><strong>Ein schneller Start und eine unbezahlte Rechnung<\/strong><\/li>\r\n<\/ul>\r\nDer Protagonist, Paul Mansfeld, ein 48-j\u00e4hriger internationaler Eisenbahnberater, erh\u00e4lt einen Sechsmonatsauftrag von GermanRailConsult in Tansania. Er soll die Rehabilitierung der historischen Central Line, einer Eisenbahnstrecke aus der deutschen Kolonialzeit, pr\u00fcfen. Seine Beziehung zu seiner Freundin Katrin in Berlin ist angespannt, da sie sich eine feste gemeinsame Zukunft w\u00fcnscht, w\u00e4hrend er seine Ungebundenheit sch\u00e4tzt. In Tansania angekommen, wird Paul mit einigen Herausforderungen konfrontiert. Sein Vorg\u00e4nger, Lothar Woerz, hat das Projekt abrupt verlassen. Paul trifft auf Joseph Kiloko, seinen Ansprechpartner im Verkehrsministerium, der ihm vorschl\u00e4gt, eine unbezahlte Rechnung der Firma &#8222;Star Studies&#8220; in H\u00f6he von rund 50.000 US-Dollar zu begleichen. Paul erkennt schnell, dass dies eine fingierte Rechnung ist, um Bestechungsgeld zu kassieren, zumal der Gesch\u00e4ftsf\u00fchrer von Star Studies ebenfalls Kiloko hei\u00dft. Sein Chef in Berlin, Dr. Ernst Ziegler, dr\u00e4ngt ihn, die Zahlung zu leisten, da Kiloko entscheidend f\u00fcr den Erhalt des Auftrags war und GRConsult bereits wegen Bestechungsvorw\u00fcrfen in Katar unter Beobachtung der Staatsanwaltschaft steht.\r\n<ul>\r\n \t<li><strong>Verdr\u00e4ngung und das Ultimatum<\/strong><\/li>\r\n<\/ul>\r\nPaul vertieft sich in die Projektarbeit und die Geschichte der Central Line und erkennt deren enormes Potenzial f\u00fcr die Entwicklung Tansanias. Gleichzeitig wird ihm bewusst, dass es eine starke Lobby f\u00fcr den Stra\u00dfenbau gibt, die von einflussreichen Beamten unterst\u00fctzt wird, die eigene Transportunternehmen besitzen. W\u00e4hrenddessen lernt er Klaus Kronberg kennen, den ehemaligen Gesch\u00e4ftsf\u00fchrer von GRConsult, der nun in Tansania lebt und als graue Eminenz im Hintergrund agiert. Der Konflikt mit Kiloko spitzt sich zu, als dieser die Auszahlung der ersten Rate f\u00fcr das Projekt zur\u00fcckh\u00e4lt, um Paul unter Druck zu setzen, die &#8222;Provision&#8220; zu zahlen. Kronberg stellt Paul schlie\u00dflich ein Ultimatum von Kiloko: Er soll die 50.000 Dollar zahlen und die Studie mit einer negativen Empfehlung f\u00fcr die Eisenbahn abschlie\u00dfen. Paul weigert sich, hebt aber das Geld ab und versteckt es, um Zeit zu gewinnen.\r\n<ul>\r\n \t<li><strong>Im Versteck in Mwenge und Kampfpositionen<\/strong><\/li>\r\n<\/ul>\r\nNachdem sein Vertrag von GRConsult gek\u00fcndigt wird, taucht Paul unter und zieht mit seiner neuen Liebe, der Hotelmanagerin Vivien Chimagu, in den Stadtteil Mwenge. Er wird zunehmend eingesch\u00fcchtert, unter anderem durch einen inszenierten Autounfall und einen Einbruch, bei dem sein Laptop gestohlen wird. Entschlossen, die Korruption aufzudecken, kontaktiert Paul das Anti-Corruption Bureau und die Journalistin Jane Almeida von der Daily News. Durch den Parlamentsabgeordneten Peter Kimaro, einen engagierten K\u00e4mpfer gegen Korruption, und den Journalisten Anton Zwingli von der Neuen Schweizer Zeitung st\u00f6\u00dft er auf die &#8222;Swiss Leaks&#8220;-Daten. Diese enth\u00fcllen, dass zahlreiche hochrangige tansanische Beamte, darunter die Minister f\u00fcr Transport und mineralische Ressourcen sowie Joseph Kiloko, hohe Geldbetr\u00e4ge auf geheimen Konten bei der HSBC in Genf haben.\r\n<ul>\r\n \t<li><strong>Die Konferenz und das Finale<\/strong><\/li>\r\n<\/ul>\r\nKimaro nutzt diese Informationen f\u00fcr eine aufr\u00fcttelnde Rede im Parlament, die er mit den von Paul gelieferten Daten untermauert.\r\n\r\n<em>Wie die Geschichte ausgeht und ob sie gut ausgeht, erf\u00e4hrt der Leser in den letzten Kapiteln.<\/em>\r\n\r\n&nbsp;\r\n\r\n<!-- \/wp:post-content -->","protected":false},"excerpt":{"rendered":"<p>Helmut Zell: Rushwa, Roman, BoD, Norderstedt, 2016,\u00a0ISBN 9783739234236, 362 Seiten, 19,50 \u20ac; E-Book 9,99 \u20ac Der Flyer zum Buch (eine Seite) mit den wichtigen Angaben steht hier kostenlos zum Download bereit: Rushwa hei\u00dft Korruption. Aber das wei\u00df der Eisenbahnexperte Paul Mansfeld noch nicht, als er von einer deutschen Consultingfirma \u00fcberraschend einen lukrativen Auftrag in Tansania &hellip; <a href=\"https:\/\/www.rushwa.de\/\" class=\"more-link\"><span class=\"screen-reader-text\">Rushwa<\/span> weiterlesen <span class=\"meta-nav\">&rarr;<\/span><\/a><\/p>\n","protected":false},"author":1,"featured_media":0,"parent":0,"menu_order":1,"comment_status":"closed","ping_status":"closed","template":"","meta":{"footnotes":""},"class_list":["post-1628","page","type-page","status-publish","hentry"],"_links":{"self":[{"href":"https:\/\/www.rushwa.de\/index.php?rest_route=\/wp\/v2\/pages\/1628","targetHints":{"allow":["GET"]}}],"collection":[{"href":"https:\/\/www.rushwa.de\/index.php?rest_route=\/wp\/v2\/pages"}],"about":[{"href":"https:\/\/www.rushwa.de\/index.php?rest_route=\/wp\/v2\/types\/page"}],"author":[{"embeddable":true,"href":"https:\/\/www.rushwa.de\/index.php?rest_route=\/wp\/v2\/users\/1"}],"replies":[{"embeddable":true,"href":"https:\/\/www.rushwa.de\/index.php?rest_route=%2Fwp%2Fv2%2Fcomments&post=1628"}],"version-history":[{"count":98,"href":"https:\/\/www.rushwa.de\/index.php?rest_route=\/wp\/v2\/pages\/1628\/revisions"}],"predecessor-version":[{"id":3211,"href":"https:\/\/www.rushwa.de\/index.php?rest_route=\/wp\/v2\/pages\/1628\/revisions\/3211"}],"wp:attachment":[{"href":"https:\/\/www.rushwa.de\/index.php?rest_route=%2Fwp%2Fv2%2Fmedia&parent=1628"}],"curies":[{"name":"wp","href":"https:\/\/api.w.org\/{rel}","templated":true}]}}