{"id":1353,"date":"2016-01-18T16:42:18","date_gmt":"2016-01-18T16:42:18","guid":{"rendered":"http:\/\/www.rushwa.de\/?page_id=1353"},"modified":"2022-04-26T14:22:15","modified_gmt":"2022-04-26T14:22:15","slug":"links","status":"publish","type":"page","link":"https:\/\/www.rushwa.de\/?page_id=1353","title":{"rendered":"Links"},"content":{"rendered":"<p><strong>Deutsche Quellen<\/strong><\/p>\n<p>Ein Informationsdienst des MEW-Afrika-Referats des Centrums f\u00fcr Partnerschaft, Entwicklung und Mission der Evangelisch-Lutherischen Kirche in Bayern.\u00a0 Zusammengefasste Meldungen aus verschiedenen tansanischen und anderen Quellen.<br \/>\n<a href=\"http:\/\/tansania-information.de\/\">http:\/\/tansania-information.de\/<\/a><\/p>\n<p>Tanzania-Network.de e.V., Koordinationsstelle Kameruner Stra\u00dfe 1, D-13351 Berlin.<\/p>\n<p>Tanzania-Network.de e.V.<br \/>\n<a href=\"http:\/\/www.tanzania-network.de\/\">http:\/\/www.tanzania-network.de\/<\/a><\/p>\n<p>Freundeskreis Bagamoyo e.V.<br \/>\n<a href=\"http:\/\/www.bagamoyo.com\/index_de.html\">www.bagamoyo.com\/index_de.html<\/a><\/p>\n<p>AFRICA live \u2013 das Magazin f\u00fcr Nachrichten aus und \u00fcber Afrika, von Ingrid Aouane:<br \/>\n<a href=\"http:\/\/www.africa-live.de\/\">www.africa-live.de\/<\/a><\/p>\n<p><strong>Zur deutschen Kolonialgeschichte<\/strong><\/p>\n<p>Deutschlandradio Kultur. Beitrag vom 02.01.2016. Architektur in Tansania. Geh\u00f6ren Kolonialbauten zur kulturellen Identit\u00e4t? Annika Seifert im Gespr\u00e4ch mit Ute Welty.\u00a0 <a href=\"http:\/\/www.deutschlandradiokultur.de\/architektur-in-tansania-gehoeren-kolonialbauten-zur.1008.de.html?dram:article_id=341312\">www.deutschlandradiokultur.de\/architektur-in-tansania-gehoeren-kolonialbauten-zur.1008.de.html?dram:article_id=341312<\/a><\/p>\n<p>Der Bildbestand der Deutschen Kolonialgesellschaft in der Universit\u00e4tsbibliothek Frankfurt am Main. <a href=\"http:\/\/www.ub.bildarchiv-dkg.uni-frankfurt.de\/\">http:\/\/www.ub.bildarchiv-dkg.uni-frankfurt.de\/<\/a><\/p>\n<p>Deutsches Koloniallexikon. <a href=\"http:\/\/www.ub.bildarchiv-dkg.uni-frankfurt.de\/Bildprojekt\/Lexikon\/lexikon.htm\">http:\/\/www.ub.bildarchiv-dkg.uni-frankfurt.de\/Bildprojekt\/Lexikon\/lexikon.htm<\/a><\/p>\n<p>Deutsch-Ostafrikanische Zeitung, http:zefs.staatsbibliothek-berlin.de.<\/p>\n<p>Boma-Kalender. <a href=\"http:\/\/boma-kalender.de\/15.html\">http:\/\/boma-kalender.de\/15.html<\/a><\/p>\n<p><strong>Eisenbahn und Technik<\/strong><\/p>\n<p>DB International GmbH, Berlin.\u00a0 <a href=\"http:\/\/www.db-international.de\">www.db-international.de<\/a><\/p>\n<p>Eisenbahnbundesamt in Bonn. <a href=\"http:\/\/www.eba.bund.de\/\">www.eba.bund.de\/<\/a><\/p>\n<p>Gleisbau-Welt. Matthias M\u00fcller, 16548 Glienicke <a href=\"http:\/\/www.gleisbau-welt.de\">www.gleisbau-welt.de<\/a><\/p>\n<p>Die Seite f\u00fcr Eisenbahnfreunde\u00a0 <a href=\"http:\/\/www.fern-express.de\/\">www.fern-express.de\/<\/a> Verlag. R\u00f6hr-Verkehrsplanungen GmbH, Krefeld \/ F\u00f6rderverein Fern-Express e.V.<\/p>\n<p>Deutsche Gesellschaft Eisenbahngeschichte. Gesch\u00e4ftsstelle der DGEG, 59457 Werl, Telefon: 02922 8 49 70.\u00a0 <a href=\"http:\/\/www.dgeg.de\/\">www.dgeg.de\/<\/a><\/p>\n<p><strong>Eisenbahnen\u00a0 international<\/strong><\/p>\n<p>Railwaysafrica. The Authoritative African Railway Publication . <a href=\"http:\/\/www.railwaysafrica.com\">www.railwaysafrica.com<\/a><\/p>\n<p>Railwaygazette. Information for the world&#8217;s railway industry, London, the Railway Gazette group forms part of the Rail division of Hamburg-based DVV Media Group. <a href=\"http:\/\/www.railwaygazette.com\/\">www.railwaygazette.com\/<\/a><\/p>\n<p>RITES Ltd., a Government of India Enterprise. <a href=\"http:\/\/ritesltd.com\/\">http:\/\/ritesltd.com\/<\/a><\/p>\n<p>Reli Assets Holding Company Limited. Tanzania. <a href=\"http:\/\/www.rahco.go.tz\/\">www.rahco.go.tz\/<\/a><\/p>\n<p><strong>Regierung und Parteien in Tanzania<\/strong><\/p>\n<p>The Government of Tanzania.\u00a0 <a href=\"http:\/\/www.tanzania.go.tz\/\">www.tanzania.go.tz\/<\/a><\/p>\n<p>United Republic of Tanzania. Parliament of Tanzania. Bunge.\u00a0 <a href=\"http:\/\/www.parliament.go.tz\/\">www.parliament.go.tz\/<\/a><\/p>\n<p>Chama Cha Demokrasia Na Maendeleo. Oppositionspartei <a href=\"http:\/\/chadema.or.tz\/\">http:\/\/chadema.or.tz\/<\/a><\/p>\n<p>CCM. Regierungspartei. <a href=\"http:\/\/ccm.or.tz\/\">http:\/\/ccm.or.tz\/<\/a><\/p>\n<p>ACT-TANZANIA. ALLIANCE FOR CHANGE AND TRANSPERANCY.<\/p>\n<p>Zitto Kabwe (MP) http:\/\/zittokabwe.wordpress.com\/; <a href=\"https:\/\/twitter.com\/zittokabwe\">https:\/\/twitter.com\/zittokabwe<\/a><\/p>\n<p>JamiiForums is a &#8218;User Generated Content&#8216; site in Tanzania. <a href=\"http:\/\/www.jamiiforums.com\/\">http:\/\/www.jamiiforums.com\/<\/a><\/p>\n<p>ilissAfrica . internet library sub-saharan Africa ist ein Portal, das f\u00fcr wissenschaftlich relevante Informationsressourcen zur Region Afrika s\u00fcdlich der Sahara bietet. <a href=\"http:\/\/www.ilissafrica.de\/\">http:\/\/www.ilissafrica.de\/<\/a><\/p>\n<p><strong>Internationales<\/strong><\/p>\n<p>The International Consortium of Investigative Journalists. <a href=\"http:\/\/www.icij.org\">http:\/\/www.icij.org<\/a><\/p>\n<p>Swiss Leaks. http:\/\/www.icij.org\/project\/swiss-leaks; <a href=\"http:\/\/www.icij.org\/project\/swiss-leaks\/explore-swiss-leaks-data\">http:\/\/www.icij.org\/project\/swiss-leaks\/explore-swiss-leaks-data<\/a><\/p>\n<p>Direktion f\u00fcr Entwicklung und Zusammenarbeit (DEZA) ist die Agentur f\u00fcr internationale Zusammenarbeit der Schweiz. <a href=\"http:\/\/www.deza.admin.ch\">http:\/\/www.deza.admin.ch<\/a><\/p>\n<p>Global Financial Integrity (GFI) is a non-profit, Washington, DC-based research and advisory organization. <a href=\"http:\/\/www.gfintegrity.org\">http:\/\/www.gfintegrity.org<\/a><\/p>\n<p>Tracking Chinese Development Finance. A collaborative online platform that seeks to make information about Chinese development finance flows to Africa more accessible and usable. <a href=\"http:\/\/china.aiddata.org\/\">http:\/\/china.aiddata.org\/<\/a><\/p>\n<p><strong>Sprachen<\/strong><\/p>\n<p>Taasisi ya Uchunguzi wa Kiswahili (TUKI) University of Dar es Salaam, Tanzania.<\/p>\n<p><a href=\"https:\/\/swahili-dictionary.com\/english-swahili\">https:\/\/swahili-dictionary.com\/english-swahili<\/a><\/p>\n<p><strong>Cartoons and Comics<\/strong><\/p>\n<p>BongoToons. Cartoons &amp; Comics in Tanzania. <a href=\"http:\/\/www.vmcaa.nl\/bongotoons\/engels\/pages\/index.php\">www.vmcaa.nl\/bongotoons\/engels\/pages\/index.php<\/a><\/p>\n","protected":false},"excerpt":{"rendered":"<p>Deutsche Quellen Ein Informationsdienst des MEW-Afrika-Referats des Centrums f\u00fcr Partnerschaft, Entwicklung und Mission der Evangelisch-Lutherischen Kirche in Bayern.\u00a0 Zusammengefasste Meldungen aus verschiedenen tansanischen und anderen Quellen. http:\/\/tansania-information.de\/ Tanzania-Network.de e.V., Koordinationsstelle Kameruner Stra\u00dfe 1, D-13351 Berlin. Tanzania-Network.de e.V. http:\/\/www.tanzania-network.de\/ Freundeskreis Bagamoyo e.V. www.bagamoyo.com\/index_de.html AFRICA live \u2013 das Magazin f\u00fcr Nachrichten aus und \u00fcber Afrika, von Ingrid &hellip; <a href=\"https:\/\/www.rushwa.de\/?page_id=1353\" class=\"more-link\"><span class=\"screen-reader-text\">Links<\/span> weiterlesen <span class=\"meta-nav\">&rarr;<\/span><\/a><\/p>\n","protected":false},"author":1,"featured_media":0,"parent":2224,"menu_order":105,"comment_status":"closed","ping_status":"closed","template":"","meta":{"footnotes":""},"class_list":["post-1353","page","type-page","status-publish","hentry"],"_links":{"self":[{"href":"https:\/\/www.rushwa.de\/index.php?rest_route=\/wp\/v2\/pages\/1353","targetHints":{"allow":["GET"]}}],"collection":[{"href":"https:\/\/www.rushwa.de\/index.php?rest_route=\/wp\/v2\/pages"}],"about":[{"href":"https:\/\/www.rushwa.de\/index.php?rest_route=\/wp\/v2\/types\/page"}],"author":[{"embeddable":true,"href":"https:\/\/www.rushwa.de\/index.php?rest_route=\/wp\/v2\/users\/1"}],"replies":[{"embeddable":true,"href":"https:\/\/www.rushwa.de\/index.php?rest_route=%2Fwp%2Fv2%2Fcomments&post=1353"}],"version-history":[{"count":21,"href":"https:\/\/www.rushwa.de\/index.php?rest_route=\/wp\/v2\/pages\/1353\/revisions"}],"predecessor-version":[{"id":2605,"href":"https:\/\/www.rushwa.de\/index.php?rest_route=\/wp\/v2\/pages\/1353\/revisions\/2605"}],"up":[{"embeddable":true,"href":"https:\/\/www.rushwa.de\/index.php?rest_route=\/wp\/v2\/pages\/2224"}],"wp:attachment":[{"href":"https:\/\/www.rushwa.de\/index.php?rest_route=%2Fwp%2Fv2%2Fmedia&parent=1353"}],"curies":[{"name":"wp","href":"https:\/\/api.w.org\/{rel}","templated":true}]}}