{"id":106,"date":"2015-11-24T08:10:39","date_gmt":"2015-11-24T08:10:39","guid":{"rendered":"http:\/\/www.rushwa.de\/?page_id=106"},"modified":"2024-10-08T09:40:16","modified_gmt":"2024-10-08T09:40:16","slug":"51-2","status":"publish","type":"page","link":"https:\/\/www.rushwa.de\/?page_id=106","title":{"rendered":"Dar-Zentrum"},"content":{"rendered":"<p>Paul Mansfeld hat w\u00e4hrend seines Aufenthalts in Tansania eine Reihe von Schnapsch\u00fcssen gemacht, von denen er einige dem Autor zur Verf\u00fcgung gestellt hat.<\/p>\n<div id=\"metaslider-id-3016\" style=\"width: 100%;\" class=\"ml-slider-3-105-0 metaslider metaslider-flex metaslider-3016 ml-slider ms-theme-default nav-hidden\" role=\"region\" aria-label=\"Dar Centre\" data-height=\"500\" data-width=\"700\">\n    <div id=\"metaslider_container_3016\">\n        <div id=\"metaslider_3016\">\n            <ul class='slides'>\n                <li style=\"display: block; width: 100%;\" class=\"slide-3037 ms-image \" aria-roledescription=\"slide\" data-date=\"2024-10-08 09:30:23\" data-filename=\"A1-DSC_1461-e1450800978122-700x500.jpg\" data-slide-type=\"image\"><img loading=\"lazy\" decoding=\"async\" src=\"https:\/\/www.rushwa.de\/wp-content\/uploads\/A1-DSC_1461-e1450800978122-700x500.jpg\" height=\"500\" width=\"700\" alt=\"\" class=\"slider-3016 slide-3037 msDefaultImage\" title=\"A1-DSC_1461-e1450800978122\" \/><\/li>\n                <li style=\"display: none; width: 100%;\" class=\"slide-3038 ms-image \" aria-roledescription=\"slide\" data-date=\"2024-10-08 09:30:23\" data-filename=\"A2-Dar-Airport-e1450800965388-700x500.jpg\" data-slide-type=\"image\"><img loading=\"lazy\" decoding=\"async\" src=\"https:\/\/www.rushwa.de\/wp-content\/uploads\/A2-Dar-Airport-e1450800965388-700x500.jpg\" height=\"500\" width=\"700\" alt=\"\" class=\"slider-3016 slide-3038 msDefaultImage\" title=\"A2-Dar-Airport-e1450800965388\" \/><\/li>\n                <li style=\"display: none; width: 100%;\" class=\"slide-3039 ms-image \" aria-roledescription=\"slide\" data-date=\"2024-10-08 09:30:23\" data-filename=\"A3-DSCI0852-e1450800953275-700x500.jpg\" data-slide-type=\"image\"><img loading=\"lazy\" decoding=\"async\" src=\"https:\/\/www.rushwa.de\/wp-content\/uploads\/A3-DSCI0852-e1450800953275-700x500.jpg\" height=\"500\" width=\"700\" alt=\"\" class=\"slider-3016 slide-3039 msDefaultImage\" title=\"A3-DSCI0852-e1450800953275\" \/><\/li>\n                <li style=\"display: none; width: 100%;\" class=\"slide-3040 ms-image \" aria-roledescription=\"slide\" data-date=\"2024-10-08 09:30:23\" data-filename=\"A4-DSCI0858-e1450800939972-700x500.jpg\" data-slide-type=\"image\"><img loading=\"lazy\" decoding=\"async\" src=\"https:\/\/www.rushwa.de\/wp-content\/uploads\/A4-DSCI0858-e1450800939972-700x500.jpg\" height=\"500\" width=\"700\" alt=\"\" class=\"slider-3016 slide-3040 msDefaultImage\" title=\"A4-DSCI0858-e1450800939972\" \/><\/li>\n                <li style=\"display: none; width: 100%;\" class=\"slide-3041 ms-image \" aria-roledescription=\"slide\" data-date=\"2024-10-08 09:30:23\" data-filename=\"A5-tanzania2-002-e1450800930779-700x500.jpg\" data-slide-type=\"image\"><img loading=\"lazy\" decoding=\"async\" src=\"https:\/\/www.rushwa.de\/wp-content\/uploads\/A5-tanzania2-002-e1450800930779-700x500.jpg\" height=\"500\" width=\"700\" alt=\"\" class=\"slider-3016 slide-3041 msDefaultImage\" title=\"A5-tanzania2-002-e1450800930779\" \/><\/li>\n                <li style=\"display: none; width: 100%;\" class=\"slide-3042 ms-image \" aria-roledescription=\"slide\" data-date=\"2024-10-08 09:30:23\" data-filename=\"A6-DSCN1465-e1450800915620-700x500.jpg\" data-slide-type=\"image\"><img loading=\"lazy\" decoding=\"async\" src=\"https:\/\/www.rushwa.de\/wp-content\/uploads\/A6-DSCN1465-e1450800915620-700x500.jpg\" height=\"500\" width=\"700\" alt=\"\" class=\"slider-3016 slide-3042 msDefaultImage\" title=\"A6-DSCN1465-e1450800915620\" \/><\/li>\n                <li style=\"display: none; width: 100%;\" class=\"slide-3043 ms-image \" aria-roledescription=\"slide\" data-date=\"2024-10-08 09:30:23\" data-filename=\"A7-BoT-Golden_hour-e1450800902236-700x500.jpg\" data-slide-type=\"image\"><img loading=\"lazy\" decoding=\"async\" src=\"https:\/\/www.rushwa.de\/wp-content\/uploads\/A7-BoT-Golden_hour-e1450800902236-700x500.jpg\" height=\"500\" width=\"700\" alt=\"\" class=\"slider-3016 slide-3043 msDefaultImage\" title=\"A7-BoT-Golden_hour-e1450800902236\" \/><\/li>\n                <li style=\"display: none; width: 100%;\" class=\"slide-3044 ms-image \" aria-roledescription=\"slide\" data-date=\"2024-10-08 09:30:23\" data-filename=\"A11-DSCI0683-e1450800869768-700x500.jpg\" data-slide-type=\"image\"><img loading=\"lazy\" decoding=\"async\" src=\"https:\/\/www.rushwa.de\/wp-content\/uploads\/A11-DSCI0683-e1450800869768-700x500.jpg\" height=\"500\" width=\"700\" alt=\"\" class=\"slider-3016 slide-3044 msDefaultImage\" title=\"A11-DSCI0683-e1450800869768\" \/><\/li>\n                <li style=\"display: none; width: 100%;\" class=\"slide-3045 ms-image \" aria-roledescription=\"slide\" data-date=\"2024-10-08 09:30:23\" data-filename=\"A15-DSCI0687-e1450800827929-700x500.jpg\" data-slide-type=\"image\"><img loading=\"lazy\" decoding=\"async\" src=\"https:\/\/www.rushwa.de\/wp-content\/uploads\/A15-DSCI0687-e1450800827929-700x500.jpg\" height=\"500\" width=\"700\" alt=\"\" class=\"slider-3016 slide-3045 msDefaultImage\" title=\"A15-DSCI0687-e1450800827929\" \/><\/li>\n                <li style=\"display: none; width: 100%;\" class=\"slide-3046 ms-image \" aria-roledescription=\"slide\" data-date=\"2024-10-08 09:30:23\" data-filename=\"A16-DSCI0706-e1450800816290-700x500.jpg\" data-slide-type=\"image\"><img loading=\"lazy\" decoding=\"async\" src=\"https:\/\/www.rushwa.de\/wp-content\/uploads\/A16-DSCI0706-e1450800816290-700x500.jpg\" height=\"500\" width=\"700\" alt=\"\" class=\"slider-3016 slide-3046 msDefaultImage\" title=\"A16-DSCI0706-e1450800816290\" \/><\/li>\n                <li style=\"display: none; width: 100%;\" class=\"slide-3047 ms-image \" aria-roledescription=\"slide\" data-date=\"2024-10-08 09:30:23\" data-filename=\"A18-DSCI0709-e1450800794744-700x500.jpg\" data-slide-type=\"image\"><img loading=\"lazy\" decoding=\"async\" src=\"https:\/\/www.rushwa.de\/wp-content\/uploads\/A18-DSCI0709-e1450800794744-700x500.jpg\" height=\"500\" width=\"700\" alt=\"\" class=\"slider-3016 slide-3047 msDefaultImage\" title=\"A18-DSCI0709-e1450800794744\" \/><\/li>\n                <li style=\"display: none; width: 100%;\" class=\"slide-3048 ms-image \" aria-roledescription=\"slide\" data-date=\"2024-10-08 09:30:24\" data-filename=\"A21-DSCI0805-e1450800754142-700x500.jpg\" data-slide-type=\"image\"><img loading=\"lazy\" decoding=\"async\" src=\"https:\/\/www.rushwa.de\/wp-content\/uploads\/A21-DSCI0805-e1450800754142-700x500.jpg\" height=\"500\" width=\"700\" alt=\"\" class=\"slider-3016 slide-3048 msDefaultImage\" title=\"A21-DSCI0805-e1450800754142\" \/><\/li>\n                <li style=\"display: none; width: 100%;\" class=\"slide-3049 ms-image \" aria-roledescription=\"slide\" data-date=\"2024-10-08 09:30:24\" data-filename=\"A22-SDC10117-e1450800742557-700x500.jpg\" data-slide-type=\"image\"><img loading=\"lazy\" decoding=\"async\" src=\"https:\/\/www.rushwa.de\/wp-content\/uploads\/A22-SDC10117-e1450800742557-700x500.jpg\" height=\"500\" width=\"700\" alt=\"\" class=\"slider-3016 slide-3049 msDefaultImage\" title=\"A22-SDC10117-e1450800742557\" \/><\/li>\n                <li style=\"display: none; width: 100%;\" class=\"slide-3050 ms-image \" aria-roledescription=\"slide\" data-date=\"2024-10-08 09:30:24\" data-filename=\"A23-head-office-533x380.jpg\" data-slide-type=\"image\"><img loading=\"lazy\" decoding=\"async\" src=\"https:\/\/www.rushwa.de\/wp-content\/uploads\/A23-head-office-533x380.jpg\" height=\"500\" width=\"700\" alt=\"\" class=\"slider-3016 slide-3050 msDefaultImage\" title=\"A23-head-office\" \/><\/li>\n                <li style=\"display: none; width: 100%;\" class=\"slide-3051 ms-image \" aria-roledescription=\"slide\" data-date=\"2024-10-08 09:30:24\" data-filename=\"A26-DSCI0787-e1450800715630-700x500.jpg\" data-slide-type=\"image\"><img loading=\"lazy\" decoding=\"async\" src=\"https:\/\/www.rushwa.de\/wp-content\/uploads\/A26-DSCI0787-e1450800715630-700x500.jpg\" height=\"500\" width=\"700\" alt=\"\" class=\"slider-3016 slide-3051 msDefaultImage\" title=\"A26-DSCI0787-e1450800715630\" \/><\/li>\n                <li style=\"display: none; width: 100%;\" class=\"slide-3052 ms-image \" aria-roledescription=\"slide\" data-date=\"2024-10-08 09:30:24\" data-filename=\"A29-DSCI0820-e1450800665717-700x500.jpg\" data-slide-type=\"image\"><img loading=\"lazy\" decoding=\"async\" src=\"https:\/\/www.rushwa.de\/wp-content\/uploads\/A29-DSCI0820-e1450800665717-700x500.jpg\" height=\"500\" width=\"700\" alt=\"\" class=\"slider-3016 slide-3052 msDefaultImage\" title=\"A29-DSCI0820-e1450800665717\" \/><\/li>\n                <li style=\"display: none; width: 100%;\" class=\"slide-3053 ms-image \" aria-roledescription=\"slide\" data-date=\"2024-10-08 09:30:24\" data-filename=\"A31-SDC10120-e1450800613344-700x500.jpg\" data-slide-type=\"image\"><img loading=\"lazy\" decoding=\"async\" src=\"https:\/\/www.rushwa.de\/wp-content\/uploads\/A31-SDC10120-e1450800613344-700x500.jpg\" height=\"500\" width=\"700\" alt=\"\" class=\"slider-3016 slide-3053 msDefaultImage\" title=\"A31-SDC10120-e1450800613344\" \/><\/li>\n                <li style=\"display: none; width: 100%;\" class=\"slide-3054 ms-image \" aria-roledescription=\"slide\" data-date=\"2024-10-08 09:30:24\" data-filename=\"A32-SDC10662-e1450800595476-700x500.jpg\" data-slide-type=\"image\"><img loading=\"lazy\" decoding=\"async\" src=\"https:\/\/www.rushwa.de\/wp-content\/uploads\/A32-SDC10662-e1450800595476-700x500.jpg\" height=\"500\" width=\"700\" alt=\"\" class=\"slider-3016 slide-3054 msDefaultImage\" title=\"A32-SDC10662-e1450800595476\" \/><\/li>\n                <li style=\"display: none; width: 100%;\" class=\"slide-3055 ms-image \" aria-roledescription=\"slide\" data-date=\"2024-10-08 09:30:24\" data-filename=\"A33-SDC10663-e1450800567423-700x500.jpg\" data-slide-type=\"image\"><img loading=\"lazy\" decoding=\"async\" src=\"https:\/\/www.rushwa.de\/wp-content\/uploads\/A33-SDC10663-e1450800567423-700x500.jpg\" height=\"500\" width=\"700\" alt=\"\" class=\"slider-3016 slide-3055 msDefaultImage\" title=\"A33-SDC10663-e1450800567423\" \/><\/li>\n                <li style=\"display: none; width: 100%;\" class=\"slide-3056 ms-image \" aria-roledescription=\"slide\" data-date=\"2024-10-08 09:30:24\" data-filename=\"A34-tanzania2-005-700x500.jpg\" data-slide-type=\"image\"><img loading=\"lazy\" decoding=\"async\" src=\"https:\/\/www.rushwa.de\/wp-content\/uploads\/A34-tanzania2-005-700x500.jpg\" height=\"500\" width=\"700\" alt=\"\" class=\"slider-3016 slide-3056 msDefaultImage\" title=\"A34-tanzania2-005\" \/><\/li>\n            <\/ul>\n        <\/div>\n        \n    <\/div>\n<\/div>\n","protected":false},"excerpt":{"rendered":"<p>Paul Mansfeld hat w\u00e4hrend seines Aufenthalts in Tansania eine Reihe von Schnapsch\u00fcssen gemacht, von denen er einige dem Autor zur Verf\u00fcgung gestellt hat.<\/p>\n","protected":false},"author":1,"featured_media":0,"parent":104,"menu_order":51,"comment_status":"closed","ping_status":"closed","template":"","meta":{"footnotes":""},"class_list":["post-106","page","type-page","status-publish","hentry"],"_links":{"self":[{"href":"https:\/\/www.rushwa.de\/index.php?rest_route=\/wp\/v2\/pages\/106","targetHints":{"allow":["GET"]}}],"collection":[{"href":"https:\/\/www.rushwa.de\/index.php?rest_route=\/wp\/v2\/pages"}],"about":[{"href":"https:\/\/www.rushwa.de\/index.php?rest_route=\/wp\/v2\/types\/page"}],"author":[{"embeddable":true,"href":"https:\/\/www.rushwa.de\/index.php?rest_route=\/wp\/v2\/users\/1"}],"replies":[{"embeddable":true,"href":"https:\/\/www.rushwa.de\/index.php?rest_route=%2Fwp%2Fv2%2Fcomments&post=106"}],"version-history":[{"count":52,"href":"https:\/\/www.rushwa.de\/index.php?rest_route=\/wp\/v2\/pages\/106\/revisions"}],"predecessor-version":[{"id":3127,"href":"https:\/\/www.rushwa.de\/index.php?rest_route=\/wp\/v2\/pages\/106\/revisions\/3127"}],"up":[{"embeddable":true,"href":"https:\/\/www.rushwa.de\/index.php?rest_route=\/wp\/v2\/pages\/104"}],"wp:attachment":[{"href":"https:\/\/www.rushwa.de\/index.php?rest_route=%2Fwp%2Fv2%2Fmedia&parent=106"}],"curies":[{"name":"wp","href":"https:\/\/api.w.org\/{rel}","templated":true}]}}